{"id":429,"date":"2026-01-20T00:23:50","date_gmt":"2026-01-20T00:23:50","guid":{"rendered":"https:\/\/mexicas.mx\/tienda\/?post_type=product&#038;p=429"},"modified":"2026-02-25T22:10:21","modified_gmt":"2026-02-25T22:10:21","slug":"playera-del-amor","status":"publish","type":"product","link":"https:\/\/mexicas.mx\/tienda\/producto\/playera-del-amor\/","title":{"rendered":"Playera del amor"},"content":{"rendered":"<p>La Playera del Amor es m\u00e1s que una prenda: es una expresi\u00f3n de cari\u00f1o, conexi\u00f3n y emociones que se llevan con orgullo. Cada detalle representa la fuerza de amar, de compartir y de celebrar los momentos que importan. No se trata solo de regalar una playera, sino de transmitir un sentimiento que acompa\u00f1a, abraza y permanece. Porque el amor no solo se dice, tambi\u00e9n se viste.<\/p>\n","protected":false},"excerpt":{"rendered":"<p>La Playera del Amor es m\u00e1s que una prenda: es una expresi\u00f3n de cari\u00f1o, conexi\u00f3n y emociones que se llevan con orgullo. Cada detalle representa la fuerza de amar, de compartir y de celebrar los momentos que importan. No se trata solo de regalar una playera, sino de transmitir un sentimiento que acompa\u00f1a, abraza y&#8230;<\/p>\n","protected":false},"featured_media":432,"comment_status":"open","ping_status":"closed","template":"","meta":{"_kadence_starter_templates_imported_post":false,"_kad_post_transparent":"default","_kad_post_title":"","_kad_post_layout":"default","_kad_post_sidebar_id":"","_kad_post_content_style":"default","_kad_post_vertical_padding":"default","_kad_post_feature":"","_kad_post_feature_position":"","_kad_post_header":false,"_kad_post_footer":false,"_kad_post_classname":""},"product_brand":[],"product_cat":[15],"product_tag":[],"class_list":{"0":"post-429","1":"product","2":"type-product","3":"status-publish","4":"has-post-thumbnail","6":"product_cat-campeones","7":"pa_modelo-caballero","8":"pa_modelo-dama","9":"pa_modelo-infantil","10":"pa_modelo-juvenil","11":"pa_talla-c","12":"pa_talla-g","13":"pa_talla-m","14":"pa_talla-xl","15":"pa_talla-xxl","17":"first","18":"instock","19":"taxable","20":"shipping-taxable","21":"purchasable","22":"product-type-variable","23":"entry","24":"content-bg","25":"loop-entry"},"_links":{"self":[{"href":"https:\/\/mexicas.mx\/tienda\/wp-json\/wp\/v2\/product\/429","targetHints":{"allow":["GET"]}}],"collection":[{"href":"https:\/\/mexicas.mx\/tienda\/wp-json\/wp\/v2\/product"}],"about":[{"href":"https:\/\/mexicas.mx\/tienda\/wp-json\/wp\/v2\/types\/product"}],"replies":[{"embeddable":true,"href":"https:\/\/mexicas.mx\/tienda\/wp-json\/wp\/v2\/comments?post=429"}],"wp:featuredmedia":[{"embeddable":true,"href":"https:\/\/mexicas.mx\/tienda\/wp-json\/wp\/v2\/media\/432"}],"wp:attachment":[{"href":"https:\/\/mexicas.mx\/tienda\/wp-json\/wp\/v2\/media?parent=429"}],"wp:term":[{"taxonomy":"product_brand","embeddable":true,"href":"https:\/\/mexicas.mx\/tienda\/wp-json\/wp\/v2\/product_brand?post=429"},{"taxonomy":"product_cat","embeddable":true,"href":"https:\/\/mexicas.mx\/tienda\/wp-json\/wp\/v2\/product_cat?post=429"},{"taxonomy":"product_tag","embeddable":true,"href":"https:\/\/mexicas.mx\/tienda\/wp-json\/wp\/v2\/product_tag?post=429"}],"curies":[{"name":"wp","href":"https:\/\/api.w.org\/{rel}","templated":true}]}}