{"id":340,"date":"2026-01-17T00:29:52","date_gmt":"2026-01-17T00:29:52","guid":{"rendered":"https:\/\/mexicas.mx\/tienda\/?post_type=product&#038;p=340"},"modified":"2026-05-02T00:01:36","modified_gmt":"2026-05-02T00:01:36","slug":"playera-corro-por-mi-corazon","status":"publish","type":"product","link":"https:\/\/mexicas.mx\/tienda\/producto\/playera-corro-por-mi-corazon\/","title":{"rendered":"Playera Corro por mi Coraz\u00f3n"},"content":{"rendered":"<div class=\"flex flex-col text-sm pb-25\">\n<article class=\"text-token-text-primary w-full focus:outline-none [--shadow-height:45px] has-data-writing-block:pointer-events-none has-data-writing-block:-mt-(--shadow-height) has-data-writing-block:pt-(--shadow-height) [&amp;:has([data-writing-block])&gt;*]:pointer-events-auto scroll-mt-[calc(var(--header-height)+min(200px,max(70px,20svh)))]\" dir=\"auto\" tabindex=\"-1\" data-turn-id=\"request-WEB:e656091c-72af-4bab-8e39-c3d5544fd7b0-9\" data-testid=\"conversation-turn-20\" data-scroll-anchor=\"true\" data-turn=\"assistant\">\n<div class=\"text-base my-auto mx-auto pb-10 [--thread-content-margin:--spacing(4)] @w-sm\/main:[--thread-content-margin:--spacing(6)] @w-lg\/main:[--thread-content-margin:--spacing(16)] px-(--thread-content-margin)\">\n<div class=\"[--thread-content-max-width:40rem] @w-lg\/main:[--thread-content-max-width:48rem] mx-auto max-w-(--thread-content-max-width) flex-1 group\/turn-messages focus-visible:outline-hidden relative flex w-full min-w-0 flex-col agent-turn\" tabindex=\"-1\">\n<div class=\"flex max-w-full flex-col grow\">\n<div class=\"min-h-8 text-message relative flex w-full flex-col items-end gap-2 text-start break-words whitespace-normal [.text-message+&amp;]:mt-1\" dir=\"auto\" data-message-author-role=\"assistant\" data-message-id=\"d0a4ddda-089b-4b43-83ab-5f107e38e5ed\" data-message-model-slug=\"gpt-5-2\">\n<div class=\"flex w-full flex-col gap-1 empty:hidden first:pt-[1px]\">\n<div class=\"markdown prose dark:prose-invert w-full break-words light markdown-new-styling\">\n<p data-start=\"0\" data-end=\"318\" data-is-last-node=\"\" data-is-only-node=\"\">Corre por lo que te mueve de verdad. La <strong data-start=\"40\" data-end=\"72\">Playera Corro por mi coraz\u00f3n<\/strong> representa pasi\u00f3n, compromiso y amor por tu bienestar. Cada kil\u00f3metro es una promesa contigo mismo, un latido que te impulsa a seguir adelante. No corres solo por llegar m\u00e1s lejos, corres por sentirte vivo y cuidar lo m\u00e1s importante: tu coraz\u00f3n.<\/p>\n<\/div>\n<\/div>\n<\/div>\n<\/div>\n<\/div>\n<\/div>\n<\/article>\n<\/div>\n","protected":false},"excerpt":{"rendered":"<p>Corre por lo que te mueve de verdad. La Playera Corro por mi coraz\u00f3n representa pasi\u00f3n, compromiso y amor por tu bienestar. Cada kil\u00f3metro es una promesa contigo mismo, un latido que te impulsa a seguir adelante. No corres solo por llegar m\u00e1s lejos, corres por sentirte vivo y cuidar lo m\u00e1s importante: tu coraz\u00f3n.<\/p>\n","protected":false},"featured_media":343,"comment_status":"open","ping_status":"closed","template":"","meta":{"_kadence_starter_templates_imported_post":false,"_kad_post_transparent":"default","_kad_post_title":"","_kad_post_layout":"default","_kad_post_sidebar_id":"","_kad_post_content_style":"default","_kad_post_vertical_padding":"default","_kad_post_feature":"","_kad_post_feature_position":"","_kad_post_header":false,"_kad_post_footer":false,"_kad_post_classname":""},"product_brand":[],"product_cat":[15],"product_tag":[],"class_list":{"0":"post-340","1":"product","2":"type-product","3":"status-publish","4":"has-post-thumbnail","6":"product_cat-campeones","7":"pa_modelo-caballero","8":"pa_modelo-dama","9":"pa_modelo-infantil","10":"pa_modelo-juvenil","11":"pa_talla-c","12":"pa_talla-g","13":"pa_talla-m","14":"pa_talla-xl","15":"pa_talla-xxl","17":"first","18":"instock","19":"taxable","20":"shipping-taxable","21":"purchasable","22":"product-type-variable","23":"has-default-attributes","24":"entry","25":"content-bg","26":"loop-entry"},"_links":{"self":[{"href":"https:\/\/mexicas.mx\/tienda\/wp-json\/wp\/v2\/product\/340","targetHints":{"allow":["GET"]}}],"collection":[{"href":"https:\/\/mexicas.mx\/tienda\/wp-json\/wp\/v2\/product"}],"about":[{"href":"https:\/\/mexicas.mx\/tienda\/wp-json\/wp\/v2\/types\/product"}],"replies":[{"embeddable":true,"href":"https:\/\/mexicas.mx\/tienda\/wp-json\/wp\/v2\/comments?post=340"}],"wp:featuredmedia":[{"embeddable":true,"href":"https:\/\/mexicas.mx\/tienda\/wp-json\/wp\/v2\/media\/343"}],"wp:attachment":[{"href":"https:\/\/mexicas.mx\/tienda\/wp-json\/wp\/v2\/media?parent=340"}],"wp:term":[{"taxonomy":"product_brand","embeddable":true,"href":"https:\/\/mexicas.mx\/tienda\/wp-json\/wp\/v2\/product_brand?post=340"},{"taxonomy":"product_cat","embeddable":true,"href":"https:\/\/mexicas.mx\/tienda\/wp-json\/wp\/v2\/product_cat?post=340"},{"taxonomy":"product_tag","embeddable":true,"href":"https:\/\/mexicas.mx\/tienda\/wp-json\/wp\/v2\/product_tag?post=340"}],"curies":[{"name":"wp","href":"https:\/\/api.w.org\/{rel}","templated":true}]}}